{"id":4,"date":"2013-06-08T09:59:26","date_gmt":"2013-06-08T09:59:26","guid":{"rendered":"http:\/\/www.kudbarban.hr\/stranica\/?page_id=4"},"modified":"2023-07-08T13:18:27","modified_gmt":"2023-07-08T11:18:27","slug":"o-barbanu-i-barbanstini","status":"publish","type":"page","link":"https:\/\/www.kudbarban.hr\/stranica\/?page_id=4","title":{"rendered":"O Barbanu i barban\u0161tini"},"content":{"rendered":"\n<p>Barban je malo, pitoreskno srednjovjekovno naselje smje\u0161teno u ju\u017enom dijelu isto\u010dne Istre. To\u010dnije, iznad doline rijeke Ra\u0161e, na cesti Pula \u2013 Labin \u2013 Rijeka. U Barbanu danas \u017eivi 235 stanovnika.<\/p>\n\n\n\n<figure class=\"wp-block-gallery has-nested-images columns-default is-cropped wp-block-gallery-1 is-layout-flex wp-block-gallery-is-layout-flex\">\n<figure class=\"wp-block-image size-full\"><a href=\"https:\/\/www.kudbarban.hr\/stranica\/wp-content\/uploads\/2023\/05\/Nives-2.jpg\"><img fetchpriority=\"high\" decoding=\"async\" width=\"976\" height=\"651\" data-id=\"1373\" src=\"https:\/\/www.kudbarban.hr\/stranica\/wp-content\/uploads\/2023\/05\/Nives-2.jpg\" alt=\"\" class=\"wp-image-1373\" srcset=\"https:\/\/www.kudbarban.hr\/stranica\/wp-content\/uploads\/2023\/05\/Nives-2.jpg 976w, https:\/\/www.kudbarban.hr\/stranica\/wp-content\/uploads\/2023\/05\/Nives-2-180x120.jpg 180w, https:\/\/www.kudbarban.hr\/stranica\/wp-content\/uploads\/2023\/05\/Nives-2-422x281.jpg 422w, https:\/\/www.kudbarban.hr\/stranica\/wp-content\/uploads\/2023\/05\/Nives-2-178x119.jpg 178w, https:\/\/www.kudbarban.hr\/stranica\/wp-content\/uploads\/2023\/05\/Nives-2-768x512.jpg 768w\" sizes=\"(max-width: 976px) 100vw, 976px\" \/><\/a><\/figure>\n\n\n\n<figure class=\"wp-block-image size-full\"><a href=\"https:\/\/www.kudbarban.hr\/stranica\/wp-content\/uploads\/2023\/05\/Ptica-prstenac.jpg\"><img decoding=\"async\" width=\"976\" height=\"651\" data-id=\"1375\" src=\"https:\/\/www.kudbarban.hr\/stranica\/wp-content\/uploads\/2023\/05\/Ptica-prstenac.jpg\" alt=\"\" class=\"wp-image-1375\" srcset=\"https:\/\/www.kudbarban.hr\/stranica\/wp-content\/uploads\/2023\/05\/Ptica-prstenac.jpg 976w, https:\/\/www.kudbarban.hr\/stranica\/wp-content\/uploads\/2023\/05\/Ptica-prstenac-180x120.jpg 180w, https:\/\/www.kudbarban.hr\/stranica\/wp-content\/uploads\/2023\/05\/Ptica-prstenac-422x281.jpg 422w, https:\/\/www.kudbarban.hr\/stranica\/wp-content\/uploads\/2023\/05\/Ptica-prstenac-178x119.jpg 178w, https:\/\/www.kudbarban.hr\/stranica\/wp-content\/uploads\/2023\/05\/Ptica-prstenac-768x512.jpg 768w\" sizes=\"(max-width: 976px) 100vw, 976px\" \/><\/a><\/figure>\n\n\n\n<figure class=\"wp-block-image size-full\"><a href=\"https:\/\/www.kudbarban.hr\/stranica\/wp-content\/uploads\/2023\/05\/Velika-vrata.jpg\"><img decoding=\"async\" width=\"651\" height=\"976\" data-id=\"1376\" src=\"https:\/\/www.kudbarban.hr\/stranica\/wp-content\/uploads\/2023\/05\/Velika-vrata.jpg\" alt=\"\" class=\"wp-image-1376\" srcset=\"https:\/\/www.kudbarban.hr\/stranica\/wp-content\/uploads\/2023\/05\/Velika-vrata.jpg 651w, https:\/\/www.kudbarban.hr\/stranica\/wp-content\/uploads\/2023\/05\/Velika-vrata-120x180.jpg 120w, https:\/\/www.kudbarban.hr\/stranica\/wp-content\/uploads\/2023\/05\/Velika-vrata-281x422.jpg 281w, https:\/\/www.kudbarban.hr\/stranica\/wp-content\/uploads\/2023\/05\/Velika-vrata-79x119.jpg 79w\" sizes=\"(max-width: 651px) 100vw, 651px\" \/><\/a><\/figure>\n<\/figure>\n\n\n\n<p>Ime&nbsp;<strong>Barban<\/strong>&nbsp;anti\u010dkog je ili romanskog podrijetla, potje\u010de od korijena rije\u010di barb, \u0161to zna\u010di brada ili od rimskog obiteljskog imena Barbius, Barbus, Barbatus. U pisanim dokumentima Barban se prvi put spominje 740. godine u crkvenoj ispravi koja govori o osnutku \u017eupe Barban.<\/p>\n\n\n\n<p>Op\u0107ina Barban broji 2802 stanovnika, a osim Barbana, u prekrasnom zelenilu Barban\u0161tine, smje\u0161tena su jo\u0161 73 sela i zaseoka.<\/p>\n\n\n\n<h2 class=\"wp-block-heading\"><strong>BARBANSKA SPOMENI\u010cKA BA\u0160TINA<\/strong><\/h2>\n\n\n\n<p>O\u010duvana arhitektonska zdanja iz razdoblja baroka i gotike, freske i glagoljski zapisi, crkve, pala\u010de i gradske zidine \u010dine Barban atraktivnim izleti\u0161tem i primamljivim odredi\u0161tem za zaljubljenike u kulturno-povijesnu ba\u0161tinu. U Barbanu se mogu razgledati:<\/p>\n\n\n\n<ul>\n<li>4 crkve (\u017eupna crkva Sv. Nikole \u2013 sagra\u0111ena 1701. god. u baroknom stilu, crkva Sv. Jakova apostola, crkva Sv. Antuna pustinjaka, crkva Majke Bo\u017eje od Oranice)<\/li>\n<\/ul>\n\n\n\n<ul>\n<li>Velika vrata (zapadna, izgra\u0111ena 1718.god.), Mala vrata (isto\u010dna, izgra\u0111ena 1720.god); gradsku kulu s nagla\u0161eno \u0161irokim zidovima, ostatci gradskih zidina<\/li>\n<\/ul>\n\n\n\n<ul>\n<li>glagoljski zapisi i glagoljski grafiti u crkvama Sv. Antuna pustinjaka i Sv. Jakova gradska lo\u017ea kao sastavni dio glavnog barbanskog trga i pala\u010da Loredan (izgra\u0111ena 1606.god.)<\/li>\n<\/ul>\n\n\n\n<ul>\n<li>freske iz 15. stolje\u0107a u crkvi Sv. Jakova apostola (rad fresko-majstora Ivana iz Kastva)<\/li>\n<\/ul>\n\n\n\n<h2 class=\"wp-block-heading\"><strong>DOGA\u0110ANJA<\/strong><\/h2>\n\n\n\n<p>Trka na prstenac, \u201cstarija sestra Sinjske Alke\u201d, vite\u0161ka je igra koja se prvi put spominje 1696., a obnovljena je 1976. Natjecanje se odr\u017eava u drugoj polovici kolovoza. Barbanski konjanici tada, ja\u0161u\u0107i, kopljem poga\u0111aju \u201cu sridu prstenca\u201d. Redovito se odr\u017eava i Smotra narodne glazbe i plesa Pulj\u0161tine kao i niz drugih manifestacija: Smotra vina i maslinovog ulja, Susret barbanskih pjesnika \u201cBeside u jatu\u201d, Regata Barbanske rivijere, Barban Classical Music Night, Susret harmonika\u0161a \u201cZasvirimo u Barbanu\u201d, manifestacija Smokve i smokvenjak, Susret<em>kantadura<\/em>&nbsp;\u201cKantajmo i svirimo za Romana\u201d i niz drugih.<\/p>\n\n\n\n<p><\/p>\n","protected":false},"excerpt":{"rendered":"<p>Barban je malo, pitoreskno srednjovjekovno naselje smje\u0161teno u ju\u017enom dijelu isto\u010dne Istre. To\u010dnije, iznad doline rijeke Ra\u0161e, na cesti Pula \u2013 Labin \u2013 Rijeka. U Barbanu danas \u017eivi 235 stanovnika. Ime&nbsp;Barban&nbsp;anti\u010dkog je ili romanskog podrijetla, potje\u010de od korijena rije\u010di barb, \u0161to zna\u010di brada ili od rimskog obiteljskog imena Barbius, Barbus, Barbatus. U pisanim dokumentima Barban [&hellip;]<\/p>\n","protected":false},"author":1,"featured_media":1375,"parent":0,"menu_order":0,"comment_status":"open","ping_status":"open","template":"","meta":{"footnotes":""},"_links":{"self":[{"href":"https:\/\/www.kudbarban.hr\/stranica\/index.php?rest_route=\/wp\/v2\/pages\/4"}],"collection":[{"href":"https:\/\/www.kudbarban.hr\/stranica\/index.php?rest_route=\/wp\/v2\/pages"}],"about":[{"href":"https:\/\/www.kudbarban.hr\/stranica\/index.php?rest_route=\/wp\/v2\/types\/page"}],"author":[{"embeddable":true,"href":"https:\/\/www.kudbarban.hr\/stranica\/index.php?rest_route=\/wp\/v2\/users\/1"}],"replies":[{"embeddable":true,"href":"https:\/\/www.kudbarban.hr\/stranica\/index.php?rest_route=%2Fwp%2Fv2%2Fcomments&post=4"}],"version-history":[{"count":17,"href":"https:\/\/www.kudbarban.hr\/stranica\/index.php?rest_route=\/wp\/v2\/pages\/4\/revisions"}],"predecessor-version":[{"id":1849,"href":"https:\/\/www.kudbarban.hr\/stranica\/index.php?rest_route=\/wp\/v2\/pages\/4\/revisions\/1849"}],"wp:featuredmedia":[{"embeddable":true,"href":"https:\/\/www.kudbarban.hr\/stranica\/index.php?rest_route=\/wp\/v2\/media\/1375"}],"wp:attachment":[{"href":"https:\/\/www.kudbarban.hr\/stranica\/index.php?rest_route=%2Fwp%2Fv2%2Fmedia&parent=4"}],"curies":[{"name":"wp","href":"https:\/\/api.w.org\/{rel}","templated":true}]}}