{"id":18,"date":"2013-06-08T07:00:35","date_gmt":"2013-06-08T05:00:35","guid":{"rendered":"http:\/\/www.kudbarban.hr\/stranica\/?page_id=18"},"modified":"2026-04-30T11:53:38","modified_gmt":"2026-04-30T09:53:38","slug":"kud-barban","status":"publish","type":"page","link":"https:\/\/www.kudbarban.hr\/stranica\/","title":{"rendered":"KUD Barban"},"content":{"rendered":"\t\t<div data-elementor-type=\"wp-page\" data-elementor-id=\"18\" class=\"elementor elementor-18\">\n\t\t\t\t\t\t<section class=\"elementor-section elementor-top-section elementor-element elementor-element-ce250ca elementor-section-full_width elementor-section-height-min-height animated-slow elementor-section-height-default elementor-section-items-middle elementor-invisible\" data-id=\"ce250ca\" data-element_type=\"section\" data-settings=\"{&quot;background_background&quot;:&quot;video&quot;,&quot;animation&quot;:&quot;fadeIn&quot;,&quot;background_video_link&quot;:&quot;https:\\\/\\\/www.youtube.com\\\/watch?v=PXVp1imTp6k&quot;,&quot;background_video_start&quot;:30}\">\n\t\t\t\t\t\t\t\t<div class=\"elementor-background-video-container elementor-hidden-phone\">\n\t\t\t\t\t\t\t\t\t\t\t\t\t<div class=\"elementor-background-video-embed\"><\/div>\n\t\t\t\t\t\t\t\t\t\t\t\t<\/div>\n\t\t\t\t\t\t\t\t\t<div class=\"elementor-background-overlay\"><\/div>\n\t\t\t\t\t\t\t<div class=\"elementor-container elementor-column-gap-default\">\n\t\t\t\t\t<div class=\"elementor-column elementor-col-100 elementor-top-column elementor-element elementor-element-f5aedae\" data-id=\"f5aedae\" data-element_type=\"column\">\n\t\t\t<div class=\"elementor-widget-wrap elementor-element-populated\">\n\t\t\t\t\t\t<div class=\"elementor-element elementor-element-38c2a7c elementor-widget elementor-widget-heading\" data-id=\"38c2a7c\" data-element_type=\"widget\" data-widget_type=\"heading.default\">\n\t\t\t\t<div class=\"elementor-widget-container\">\n\t\t\t<style>\/*! elementor - v3.21.0 - 30-04-2024 *\/\n.elementor-heading-title{padding:0;margin:0;line-height:1}.elementor-widget-heading .elementor-heading-title[class*=elementor-size-]>a{color:inherit;font-size:inherit;line-height:inherit}.elementor-widget-heading .elementor-heading-title.elementor-size-small{font-size:15px}.elementor-widget-heading .elementor-heading-title.elementor-size-medium{font-size:19px}.elementor-widget-heading .elementor-heading-title.elementor-size-large{font-size:29px}.elementor-widget-heading .elementor-heading-title.elementor-size-xl{font-size:39px}.elementor-widget-heading .elementor-heading-title.elementor-size-xxl{font-size:59px}<\/style><h1 class=\"elementor-heading-title elementor-size-default\">KULTURNO-UMJETNI\u010cKO DRU\u0160TVO \u201cBARBAN\u201d\nBARBAN\n<\/h1>\t\t<\/div>\n\t\t\t\t<\/div>\n\t\t\t\t<div class=\"elementor-element elementor-element-d83b1c8 elementor-widget elementor-widget-text-editor\" data-id=\"d83b1c8\" data-element_type=\"widget\" data-widget_type=\"text-editor.default\">\n\t\t\t\t<div class=\"elementor-widget-container\">\n\t\t\t<style>\/*! elementor - v3.21.0 - 30-04-2024 *\/\n.elementor-widget-text-editor.elementor-drop-cap-view-stacked .elementor-drop-cap{background-color:#69727d;color:#fff}.elementor-widget-text-editor.elementor-drop-cap-view-framed .elementor-drop-cap{color:#69727d;border:3px solid;background-color:transparent}.elementor-widget-text-editor:not(.elementor-drop-cap-view-default) .elementor-drop-cap{margin-top:8px}.elementor-widget-text-editor:not(.elementor-drop-cap-view-default) .elementor-drop-cap-letter{width:1em;height:1em}.elementor-widget-text-editor .elementor-drop-cap{float:left;text-align:center;line-height:1;font-size:50px}.elementor-widget-text-editor .elementor-drop-cap-letter{display:inline-block}<\/style>\t\t\t\t<p><em>&#8220;Od matere na h\u0107er, od oca na sina, tako \u017eivi na\u0161a starina.\u00a0<\/em><\/p><p><em>I dok je tako ne triba straha imat da se ne\u0107e po doma\u0107u plesat, svirit, <\/em><\/p><p><em>kantat i ku\u0161eljat \u2026s kolena na koleno\u2026&#8221;<\/em><\/p>\t\t\t\t\t\t<\/div>\n\t\t\t\t<\/div>\n\t\t\t\t<div class=\"elementor-element elementor-element-691d7c4 elementor-mobile-align-center elementor-widget elementor-widget-button\" data-id=\"691d7c4\" data-element_type=\"widget\" data-widget_type=\"button.default\">\n\t\t\t\t<div class=\"elementor-widget-container\">\n\t\t\t\t\t<div class=\"elementor-button-wrapper\">\n\t\t\t<a class=\"elementor-button elementor-button-link elementor-size-md\" href=\"https:\/\/www.kudbarban.hr\/stranica\/1680429714804\/?page_id=7\">\n\t\t\t\t\t\t<span class=\"elementor-button-content-wrapper\">\n\t\t\t\t\t\t\t\t\t<span class=\"elementor-button-text\">O nama<\/span>\n\t\t\t\t\t<\/span>\n\t\t\t\t\t<\/a>\n\t\t<\/div>\n\t\t\t\t<\/div>\n\t\t\t\t<\/div>\n\t\t\t\t\t<\/div>\n\t\t<\/div>\n\t\t\t\t\t<\/div>\n\t\t<\/section>\n\t\t\t\t<section class=\"elementor-section elementor-top-section elementor-element elementor-element-ddd46c4 elementor-section-full_width animated-slow elementor-section-height-default elementor-section-height-default elementor-invisible\" data-id=\"ddd46c4\" data-element_type=\"section\" data-settings=\"{&quot;animation&quot;:&quot;fadeInLeft&quot;}\">\n\t\t\t\t\t\t<div class=\"elementor-container elementor-column-gap-default\">\n\t\t\t\t\t<div class=\"elementor-column elementor-col-100 elementor-top-column elementor-element elementor-element-0004b01\" data-id=\"0004b01\" data-element_type=\"column\">\n\t\t\t<div class=\"elementor-widget-wrap elementor-element-populated\">\n\t\t\t\t\t\t<div class=\"elementor-element elementor-element-8ae604c elementor-widget elementor-widget-heading\" data-id=\"8ae604c\" data-element_type=\"widget\" data-widget_type=\"heading.default\">\n\t\t\t\t<div class=\"elementor-widget-container\">\n\t\t\t<h2 class=\"elementor-heading-title elementor-size-default\">Sekcije KUD-a Barban<\/h2>\t\t<\/div>\n\t\t\t\t<\/div>\n\t\t\t\t\t<\/div>\n\t\t<\/div>\n\t\t\t\t\t<\/div>\n\t\t<\/section>\n\t\t\t\t<section class=\"elementor-section elementor-top-section elementor-element elementor-element-3d1a79d elementor-section-full_width animated-slow elementor-section-height-default elementor-section-height-default elementor-invisible\" data-id=\"3d1a79d\" data-element_type=\"section\" data-settings=\"{&quot;animation&quot;:&quot;fadeIn&quot;}\">\n\t\t\t\t\t\t<div class=\"elementor-container elementor-column-gap-default\">\n\t\t\t\t\t<div class=\"elementor-column elementor-col-33 elementor-top-column elementor-element elementor-element-e881f28\" data-id=\"e881f28\" data-element_type=\"column\">\n\t\t\t<div class=\"elementor-widget-wrap elementor-element-populated\">\n\t\t\t\t\t\t<div class=\"elementor-element elementor-element-e62da4f elementor-widget elementor-widget-stratum-flip-box\" data-id=\"e62da4f\" data-element_type=\"widget\" data-widget_type=\"stratum-flip-box.default\">\n\t\t\t\t<div class=\"elementor-widget-container\">\n\t\t\t<div class=\"stratum-flip-box flip-box-effect-push flip-box-direction-down\">\r\n    <div class=\"stratum-flip-box__inner\">\r\n        <div class=\"stratum-flip-box__layer stratum-flip-box__front\">\r\n            <div class=\"stratum-flip-box__layer__overlay\">\r\n                <div class=\"stratum-flip-box__layer__inner\">\r\n\t\t\t\t\t                    <h3 class=\"stratum-flip-box__title\">Svirci (Svira\u010di)<\/h3>\r\n                    <div class=\"stratum-flip-box__description\"><\/div>\r\n                <\/div>\r\n            <\/div>\r\n        <\/div>\r\n\r\n        <div class=\"stratum-flip-box__layer stratum-flip-box__back\">\r\n            <div class=\"stratum-flip-box__layer__overlay\">\r\n                <div class=\"stratum-flip-box__layer__inner\">\r\n\t\t\t\t\t                    <h3 class=\"stratum-flip-box__title\"><\/h3>\r\n                    <div class=\"stratum-flip-box__description\">Glazbeni instrumenti karakteristi\u010dni za Barban\u0161tinu su: ro\u017eenice (velika i mala), svirale (duplice), mih, mi\u0161nice i \u0161urle.<\/div>\r\n\t\t\t\t\t\t\t\t\t<\/div>\r\n            <\/div>\r\n        <\/div>\r\n    <\/div>\r\n<\/div>\r\n\t\t<\/div>\n\t\t\t\t<\/div>\n\t\t\t\t\t<\/div>\n\t\t<\/div>\n\t\t\t\t<div class=\"elementor-column elementor-col-33 elementor-top-column elementor-element elementor-element-80dc1a1\" data-id=\"80dc1a1\" data-element_type=\"column\">\n\t\t\t<div class=\"elementor-widget-wrap elementor-element-populated\">\n\t\t\t\t\t\t<div class=\"elementor-element elementor-element-d6320bd elementor-widget elementor-widget-stratum-flip-box\" data-id=\"d6320bd\" data-element_type=\"widget\" data-widget_type=\"stratum-flip-box.default\">\n\t\t\t\t<div class=\"elementor-widget-container\">\n\t\t\t<div class=\"stratum-flip-box flip-box-effect-push flip-box-direction-down\">\r\n    <div class=\"stratum-flip-box__inner\">\r\n        <div class=\"stratum-flip-box__layer stratum-flip-box__front\">\r\n            <div class=\"stratum-flip-box__layer__overlay\">\r\n                <div class=\"stratum-flip-box__layer__inner\">\r\n\t\t\t\t\t                    <h3 class=\"stratum-flip-box__title\">Kantaduri (Pjeva\u010di)<\/h3>\r\n                    <div class=\"stratum-flip-box__description\"><\/div>\r\n                <\/div>\r\n            <\/div>\r\n        <\/div>\r\n\r\n        <div class=\"stratum-flip-box__layer stratum-flip-box__back\">\r\n            <div class=\"stratum-flip-box__layer__overlay\">\r\n                <div class=\"stratum-flip-box__layer__inner\">\r\n\t\t\t\t\t                    <h3 class=\"stratum-flip-box__title\"><\/h3>\r\n                    <div class=\"stratum-flip-box__description\">Nakon uvr\u0161tavanja istarske ljestvice i glazbe tzv. \u201ctijesnih intervala\u201d na UNESCO-vu ljestvicu za\u0161tite spomeni\u010dke ba\u0161tine, jo\u0161 vi\u0161e smo motivirani o\u010duvati na\u010dine pjevanja i sviranja na tanko i debelo, karakteristi\u010dnih za Barban\u0161tinu i Istru.<\/div>\r\n\t\t\t\t\t\t\t\t\t<\/div>\r\n            <\/div>\r\n        <\/div>\r\n    <\/div>\r\n<\/div>\r\n\t\t<\/div>\n\t\t\t\t<\/div>\n\t\t\t\t\t<\/div>\n\t\t<\/div>\n\t\t\t\t<div class=\"elementor-column elementor-col-33 elementor-top-column elementor-element elementor-element-ea22aff\" data-id=\"ea22aff\" data-element_type=\"column\">\n\t\t\t<div class=\"elementor-widget-wrap elementor-element-populated\">\n\t\t\t\t\t\t<div class=\"elementor-element elementor-element-c05b396 elementor-widget elementor-widget-stratum-flip-box\" data-id=\"c05b396\" data-element_type=\"widget\" data-widget_type=\"stratum-flip-box.default\">\n\t\t\t\t<div class=\"elementor-widget-container\">\n\t\t\t<div class=\"stratum-flip-box flip-box-effect-push flip-box-direction-down\">\r\n    <div class=\"stratum-flip-box__inner\">\r\n        <div class=\"stratum-flip-box__layer stratum-flip-box__front\">\r\n            <div class=\"stratum-flip-box__layer__overlay\">\r\n                <div class=\"stratum-flip-box__layer__inner\">\r\n\t\t\t\t\t                    <h3 class=\"stratum-flip-box__title\">Plesarini (Plesa\u010di)<\/h3>\r\n                    <div class=\"stratum-flip-box__description\"><\/div>\r\n                <\/div>\r\n            <\/div>\r\n        <\/div>\r\n\r\n        <div class=\"stratum-flip-box__layer stratum-flip-box__back\">\r\n            <div class=\"stratum-flip-box__layer__overlay\">\r\n                <div class=\"stratum-flip-box__layer__inner\">\r\n\t\t\t\t\t                    <h3 class=\"stratum-flip-box__title\"><\/h3>\r\n                    <div class=\"stratum-flip-box__description\">Na Barban\u0161tini se ple\u0161u plesovi: barbanski balon, polka, balo di ku\u0161in, mazurka, stara polka, te plesovi iz ostalih dijelova Istre: \u0161ete pa\u0161i i \u0161pic \u2013 polka.<\/div>\r\n\t\t\t\t\t\t\t\t\t<\/div>\r\n            <\/div>\r\n        <\/div>\r\n    <\/div>\r\n<\/div>\r\n\t\t<\/div>\n\t\t\t\t<\/div>\n\t\t\t\t\t<\/div>\n\t\t<\/div>\n\t\t\t\t\t<\/div>\n\t\t<\/section>\n\t\t\t\t<section class=\"elementor-section elementor-top-section elementor-element elementor-element-6714ed0 elementor-section-boxed elementor-section-height-default elementor-section-height-default\" data-id=\"6714ed0\" data-element_type=\"section\" data-settings=\"{&quot;background_background&quot;:&quot;classic&quot;}\">\n\t\t\t\t\t\t<div class=\"elementor-container elementor-column-gap-default\">\n\t\t\t\t\t<div class=\"elementor-column elementor-col-100 elementor-top-column elementor-element elementor-element-be9179c\" data-id=\"be9179c\" data-element_type=\"column\">\n\t\t\t<div class=\"elementor-widget-wrap elementor-element-populated\">\n\t\t\t\t\t\t<div class=\"elementor-element elementor-element-cd81030 elementor-widget elementor-widget-heading\" data-id=\"cd81030\" data-element_type=\"widget\" data-widget_type=\"heading.default\">\n\t\t\t\t<div class=\"elementor-widget-container\">\n\t\t\t<h2 class=\"elementor-heading-title elementor-size-default\">Na\u0161ih 50 let, od prve mantinjade do danas<\/h2>\t\t<\/div>\n\t\t\t\t<\/div>\n\t\t\t\t<div class=\"elementor-element elementor-element-65c374a elementor-widget elementor-widget-video\" data-id=\"65c374a\" data-element_type=\"widget\" data-settings=\"{&quot;youtube_url&quot;:&quot;https:\\\/\\\/youtu.be\\\/2PwFq5pRi7M?si=HLhVCQbtg9kL8w4O&quot;,&quot;video_type&quot;:&quot;youtube&quot;,&quot;controls&quot;:&quot;yes&quot;}\" data-widget_type=\"video.default\">\n\t\t\t\t<div class=\"elementor-widget-container\">\n\t\t\t<style>\/*! elementor - v3.21.0 - 30-04-2024 *\/\n.elementor-widget-video .elementor-widget-container{overflow:hidden;transform:translateZ(0)}.elementor-widget-video .elementor-wrapper{aspect-ratio:var(--video-aspect-ratio)}.elementor-widget-video .elementor-wrapper iframe,.elementor-widget-video .elementor-wrapper video{height:100%;width:100%;display:flex;border:none;background-color:#000}@supports not (aspect-ratio:1\/1){.elementor-widget-video .elementor-wrapper{position:relative;overflow:hidden;height:0;padding-bottom:calc(100% \/ var(--video-aspect-ratio))}.elementor-widget-video .elementor-wrapper iframe,.elementor-widget-video .elementor-wrapper video{position:absolute;top:0;right:0;bottom:0;left:0}}.elementor-widget-video .elementor-open-inline .elementor-custom-embed-image-overlay{position:absolute;top:0;right:0;bottom:0;left:0;background-size:cover;background-position:50%}.elementor-widget-video .elementor-custom-embed-image-overlay{cursor:pointer;text-align:center}.elementor-widget-video .elementor-custom-embed-image-overlay:hover .elementor-custom-embed-play i{opacity:1}.elementor-widget-video .elementor-custom-embed-image-overlay img{display:block;width:100%;aspect-ratio:var(--video-aspect-ratio);-o-object-fit:cover;object-fit:cover;-o-object-position:center center;object-position:center center}@supports not (aspect-ratio:1\/1){.elementor-widget-video .elementor-custom-embed-image-overlay{position:relative;overflow:hidden;height:0;padding-bottom:calc(100% \/ var(--video-aspect-ratio))}.elementor-widget-video .elementor-custom-embed-image-overlay img{position:absolute;top:0;right:0;bottom:0;left:0}}.elementor-widget-video .e-hosted-video .elementor-video{-o-object-fit:cover;object-fit:cover}.e-con-inner>.elementor-widget-video,.e-con>.elementor-widget-video{width:var(--container-widget-width);--flex-grow:var(--container-widget-flex-grow)}<\/style>\t\t<div class=\"elementor-wrapper elementor-open-inline\">\n\t\t\t<div class=\"elementor-video\"><\/div>\t\t<\/div>\n\t\t\t\t<\/div>\n\t\t\t\t<\/div>\n\t\t\t\t\t<\/div>\n\t\t<\/div>\n\t\t\t\t\t<\/div>\n\t\t<\/section>\n\t\t\t\t<section class=\"elementor-section elementor-top-section elementor-element elementor-element-82a4f76 elementor-section-full_width elementor-section-height-default elementor-section-height-default\" data-id=\"82a4f76\" data-element_type=\"section\" data-settings=\"{&quot;background_background&quot;:&quot;classic&quot;}\">\n\t\t\t\t\t\t<div class=\"elementor-container elementor-column-gap-default\">\n\t\t\t\t\t<div class=\"elementor-column elementor-col-50 elementor-top-column elementor-element elementor-element-0d40a06 animated-slow elementor-invisible\" data-id=\"0d40a06\" data-element_type=\"column\" data-settings=\"{&quot;animation&quot;:&quot;fadeInLeft&quot;}\">\n\t\t\t<div class=\"elementor-widget-wrap elementor-element-populated\">\n\t\t\t\t\t\t<div class=\"elementor-element elementor-element-b9b26e2 elementor-widget elementor-widget-heading\" data-id=\"b9b26e2\" data-element_type=\"widget\" data-widget_type=\"heading.default\">\n\t\t\t\t<div class=\"elementor-widget-container\">\n\t\t\t<h2 class=\"elementor-heading-title elementor-size-default\">Literarno - recitatorska sekcija<\/h2>\t\t<\/div>\n\t\t\t\t<\/div>\n\t\t\t\t<div class=\"elementor-element elementor-element-d54f9d5 elementor-widget__width-initial elementor-widget elementor-widget-text-editor\" data-id=\"d54f9d5\" data-element_type=\"widget\" data-widget_type=\"text-editor.default\">\n\t\t\t\t<div class=\"elementor-widget-container\">\n\t\t\t\t\t\t\t<p>Na podru\u010dju Barban\u0161tine postoji niz uspje\u0161nih pjesnika, \u0161to je ponukalo aktiviranje Literarno-recitatorske sekcije kako bi se o\u010duvala\u00a0<em>doma\u0107a besida<\/em>, odnosno specifi\u010dni \u010dakavski govor Barban\u0161tine.\u00a0<\/p>\t\t\t\t\t\t<\/div>\n\t\t\t\t<\/div>\n\t\t\t\t<div class=\"elementor-element elementor-element-20f1020 elementor-mobile-align-center elementor-widget elementor-widget-button\" data-id=\"20f1020\" data-element_type=\"widget\" data-widget_type=\"button.default\">\n\t\t\t\t<div class=\"elementor-widget-container\">\n\t\t\t\t\t<div class=\"elementor-button-wrapper\">\n\t\t\t<a class=\"elementor-button elementor-button-link elementor-size-md\" href=\"https:\/\/www.kudbarban.hr\/stranica\/1680429714804\/?page_id=9\">\n\t\t\t\t\t\t<span class=\"elementor-button-content-wrapper\">\n\t\t\t\t\t\t\t\t\t<span class=\"elementor-button-text\">Vi\u0161e o sekcijama<\/span>\n\t\t\t\t\t<\/span>\n\t\t\t\t\t<\/a>\n\t\t<\/div>\n\t\t\t\t<\/div>\n\t\t\t\t<\/div>\n\t\t\t\t\t<\/div>\n\t\t<\/div>\n\t\t\t\t<div class=\"elementor-column elementor-col-50 elementor-top-column elementor-element elementor-element-8c150f4 animated-slow elementor-invisible\" data-id=\"8c150f4\" data-element_type=\"column\" data-settings=\"{&quot;animation&quot;:&quot;fadeIn&quot;}\">\n\t\t\t<div class=\"elementor-widget-wrap elementor-element-populated\">\n\t\t\t\t\t\t<div class=\"elementor-element elementor-element-7bdbcd7 elementor-widget__width-initial elementor-widget-tablet__width-initial elementor-widget-mobile__width-initial elementor-widget elementor-widget-image\" data-id=\"7bdbcd7\" data-element_type=\"widget\" data-widget_type=\"image.default\">\n\t\t\t\t<div class=\"elementor-widget-container\">\n\t\t\t<style>\/*! elementor - v3.21.0 - 30-04-2024 *\/\n.elementor-widget-image{text-align:center}.elementor-widget-image a{display:inline-block}.elementor-widget-image a img[src$=\".svg\"]{width:48px}.elementor-widget-image img{vertical-align:middle;display:inline-block}<\/style>\t\t\t\t\t\t\t\t\t\t<img fetchpriority=\"high\" decoding=\"async\" width=\"976\" height=\"971\" src=\"https:\/\/www.kudbarban.hr\/stranica\/wp-content\/uploads\/2023\/07\/20230617_191310-1.jpg\" class=\"attachment-1536x1536 size-1536x1536 wp-image-1761\" alt=\"\" srcset=\"https:\/\/www.kudbarban.hr\/stranica\/wp-content\/uploads\/2023\/07\/20230617_191310-1.jpg 976w, https:\/\/www.kudbarban.hr\/stranica\/wp-content\/uploads\/2023\/07\/20230617_191310-1-180x180.jpg 180w, https:\/\/www.kudbarban.hr\/stranica\/wp-content\/uploads\/2023\/07\/20230617_191310-1-422x420.jpg 422w, https:\/\/www.kudbarban.hr\/stranica\/wp-content\/uploads\/2023\/07\/20230617_191310-1-120x119.jpg 120w, https:\/\/www.kudbarban.hr\/stranica\/wp-content\/uploads\/2023\/07\/20230617_191310-1-768x764.jpg 768w\" sizes=\"(max-width: 976px) 100vw, 976px\" \/>\t\t\t\t\t\t\t\t\t\t\t\t\t<\/div>\n\t\t\t\t<\/div>\n\t\t\t\t\t<\/div>\n\t\t<\/div>\n\t\t\t\t\t<\/div>\n\t\t<\/section>\n\t\t\t\t<section class=\"elementor-section elementor-top-section elementor-element elementor-element-46a81db elementor-section-full_width elementor-reverse-mobile elementor-section-height-default elementor-section-height-default\" data-id=\"46a81db\" data-element_type=\"section\" data-settings=\"{&quot;background_background&quot;:&quot;classic&quot;}\">\n\t\t\t\t\t\t<div class=\"elementor-container elementor-column-gap-default\">\n\t\t\t\t\t<div class=\"elementor-column elementor-col-50 elementor-top-column elementor-element elementor-element-f39718d animated-slow elementor-invisible\" data-id=\"f39718d\" data-element_type=\"column\" data-settings=\"{&quot;animation&quot;:&quot;fadeIn&quot;}\">\n\t\t\t<div class=\"elementor-widget-wrap elementor-element-populated\">\n\t\t\t\t\t\t<div class=\"elementor-element elementor-element-05eb2b4 elementor-widget-tablet__width-initial elementor-widget elementor-widget-image\" data-id=\"05eb2b4\" data-element_type=\"widget\" data-widget_type=\"image.default\">\n\t\t\t\t<div class=\"elementor-widget-container\">\n\t\t\t\t\t\t\t\t\t\t\t\t\t<img decoding=\"async\" src=\"https:\/\/www.kudbarban.hr\/stranica\/wp-content\/uploads\/2022\/09\/kud-barban.jpg\" title=\"kud-barban\" alt=\"kud-barban\" loading=\"lazy\" \/>\t\t\t\t\t\t\t\t\t\t\t\t\t<\/div>\n\t\t\t\t<\/div>\n\t\t\t\t\t<\/div>\n\t\t<\/div>\n\t\t\t\t<div class=\"elementor-column elementor-col-50 elementor-top-column elementor-element elementor-element-c6052d3 animated-slow elementor-invisible\" data-id=\"c6052d3\" data-element_type=\"column\" data-settings=\"{&quot;animation&quot;:&quot;fadeInRight&quot;}\">\n\t\t\t<div class=\"elementor-widget-wrap elementor-element-populated\">\n\t\t\t\t\t\t<div class=\"elementor-element elementor-element-a787304 elementor-widget elementor-widget-heading\" data-id=\"a787304\" data-element_type=\"widget\" data-widget_type=\"heading.default\">\n\t\t\t\t<div class=\"elementor-widget-container\">\n\t\t\t<h2 class=\"elementor-heading-title elementor-size-default\">Tradicijska odje\u0107a<\/h2>\t\t<\/div>\n\t\t\t\t<\/div>\n\t\t\t\t<div class=\"elementor-element elementor-element-ccf16d5 elementor-widget elementor-widget-text-editor\" data-id=\"ccf16d5\" data-element_type=\"widget\" data-widget_type=\"text-editor.default\">\n\t\t\t\t<div class=\"elementor-widget-container\">\n\t\t\t\t\t\t\t<p>\u010clanovi KUD-a \u201cBarban\u201d posebnu pa\u017enju posve\u0107uju \u010duvanju i brizi za 30-ak originalnih \u017eenskih i mu\u0161kih narodnih no\u0161nji koje posjeduju. Navedene narodne no\u0161nje stare su od 100 do 150 godina \u0161to pove\u0107ava njihovu vrijednost.<\/p>\t\t\t\t\t\t<\/div>\n\t\t\t\t<\/div>\n\t\t\t\t<div class=\"elementor-element elementor-element-573d227 elementor-mobile-align-center elementor-widget elementor-widget-button\" data-id=\"573d227\" data-element_type=\"widget\" data-widget_type=\"button.default\">\n\t\t\t\t<div class=\"elementor-widget-container\">\n\t\t\t\t\t<div class=\"elementor-button-wrapper\">\n\t\t\t<a class=\"elementor-button elementor-button-link elementor-size-md\" href=\"https:\/\/www.kudbarban.hr\/stranica\/1680429714804\/?page_id=11\">\n\t\t\t\t\t\t<span class=\"elementor-button-content-wrapper\">\n\t\t\t\t\t\t\t\t\t<span class=\"elementor-button-text\">Vi\u0161e o tradicijskoj odje\u0107i<\/span>\n\t\t\t\t\t<\/span>\n\t\t\t\t\t<\/a>\n\t\t<\/div>\n\t\t\t\t<\/div>\n\t\t\t\t<\/div>\n\t\t\t\t\t<\/div>\n\t\t<\/div>\n\t\t\t\t\t<\/div>\n\t\t<\/section>\n\t\t\t\t<section class=\"elementor-section elementor-top-section elementor-element elementor-element-e7d506b elementor-section-full_width elementor-section-height-min-height animated-slow elementor-section-height-default elementor-section-items-middle elementor-invisible\" data-id=\"e7d506b\" data-element_type=\"section\" data-settings=\"{&quot;background_background&quot;:&quot;slideshow&quot;,&quot;background_slideshow_gallery&quot;:[{&quot;id&quot;:1374,&quot;url&quot;:&quot;https:\\\/\\\/www.kudbarban.hr\\\/stranica\\\/wp-content\\\/uploads\\\/2023\\\/05\\\/Nives.jpg&quot;}],&quot;animation&quot;:&quot;fadeIn&quot;,&quot;background_slideshow_loop&quot;:&quot;yes&quot;,&quot;background_slideshow_slide_duration&quot;:5000,&quot;background_slideshow_slide_transition&quot;:&quot;fade&quot;,&quot;background_slideshow_transition_duration&quot;:500}\">\n\t\t\t\t\t\t\t<div class=\"elementor-background-overlay\"><\/div>\n\t\t\t\t\t\t\t<div class=\"elementor-container elementor-column-gap-default\">\n\t\t\t\t\t<div class=\"elementor-column elementor-col-100 elementor-top-column elementor-element elementor-element-ec37ff1\" data-id=\"ec37ff1\" data-element_type=\"column\">\n\t\t\t<div class=\"elementor-widget-wrap elementor-element-populated\">\n\t\t\t\t\t\t<div class=\"elementor-element elementor-element-be0861b elementor-widget elementor-widget-heading\" data-id=\"be0861b\" data-element_type=\"widget\" data-widget_type=\"heading.default\">\n\t\t\t\t<div class=\"elementor-widget-container\">\n\t\t\t<h2 class=\"elementor-heading-title elementor-size-default\">O Barbanu i Barban\u0161tini<\/h2>\t\t<\/div>\n\t\t\t\t<\/div>\n\t\t\t\t<div class=\"elementor-element elementor-element-0a556ab elementor-widget elementor-widget-text-editor\" data-id=\"0a556ab\" data-element_type=\"widget\" data-widget_type=\"text-editor.default\">\n\t\t\t\t<div class=\"elementor-widget-container\">\n\t\t\t\t\t\t\t<p>Barban je malo pitoreskno mjesto u sredi\u0161njoj Istri s bogatom povje\u0161\u0107u i predivnim zavi\u010dajem.<\/p>\t\t\t\t\t\t<\/div>\n\t\t\t\t<\/div>\n\t\t\t\t<div class=\"elementor-element elementor-element-66a683a elementor-align-center elementor-widget elementor-widget-button\" data-id=\"66a683a\" data-element_type=\"widget\" data-widget_type=\"button.default\">\n\t\t\t\t<div class=\"elementor-widget-container\">\n\t\t\t\t\t<div class=\"elementor-button-wrapper\">\n\t\t\t<a class=\"elementor-button elementor-button-link elementor-size-md\" href=\"https:\/\/www.kudbarban.hr\/stranica\/1680429714804\/?page_id=4\">\n\t\t\t\t\t\t<span class=\"elementor-button-content-wrapper\">\n\t\t\t\t\t\t\t\t\t<span class=\"elementor-button-text\">Vi\u0161e o Barbanu<\/span>\n\t\t\t\t\t<\/span>\n\t\t\t\t\t<\/a>\n\t\t<\/div>\n\t\t\t\t<\/div>\n\t\t\t\t<\/div>\n\t\t\t\t\t<\/div>\n\t\t<\/div>\n\t\t\t\t\t<\/div>\n\t\t<\/section>\n\t\t\t\t<\/div>\n\t\t","protected":false},"excerpt":{"rendered":"<p>KULTURNO-UMJETNI\u010cKO DRU\u0160TVO \u201cBARBAN\u201d BARBAN &#8220;Od matere na h\u0107er, od oca na sina, tako \u017eivi na\u0161a starina.\u00a0 I dok je tako ne triba straha imat da se ne\u0107e po doma\u0107u plesat, svirit, kantat i ku\u0161eljat \u2026s kolena na koleno\u2026&#8221; O nama Sekcije KUD-a Barban Na\u0161ih 50 let, od prve mantinjade do danas Literarno &#8211; recitatorska sekcija [&hellip;]<\/p>\n","protected":false},"author":1,"featured_media":0,"parent":0,"menu_order":0,"comment_status":"open","ping_status":"open","template":"","meta":{"footnotes":""},"_links":{"self":[{"href":"https:\/\/www.kudbarban.hr\/stranica\/index.php?rest_route=\/wp\/v2\/pages\/18"}],"collection":[{"href":"https:\/\/www.kudbarban.hr\/stranica\/index.php?rest_route=\/wp\/v2\/pages"}],"about":[{"href":"https:\/\/www.kudbarban.hr\/stranica\/index.php?rest_route=\/wp\/v2\/types\/page"}],"author":[{"embeddable":true,"href":"https:\/\/www.kudbarban.hr\/stranica\/index.php?rest_route=\/wp\/v2\/users\/1"}],"replies":[{"embeddable":true,"href":"https:\/\/www.kudbarban.hr\/stranica\/index.php?rest_route=%2Fwp%2Fv2%2Fcomments&post=18"}],"version-history":[{"count":315,"href":"https:\/\/www.kudbarban.hr\/stranica\/index.php?rest_route=\/wp\/v2\/pages\/18\/revisions"}],"predecessor-version":[{"id":2166,"href":"https:\/\/www.kudbarban.hr\/stranica\/index.php?rest_route=\/wp\/v2\/pages\/18\/revisions\/2166"}],"wp:attachment":[{"href":"https:\/\/www.kudbarban.hr\/stranica\/index.php?rest_route=%2Fwp%2Fv2%2Fmedia&parent=18"}],"curies":[{"name":"wp","href":"https:\/\/api.w.org\/{rel}","templated":true}]}}