{"id":16,"date":"2013-06-08T10:05:55","date_gmt":"2013-06-08T10:05:55","guid":{"rendered":"http:\/\/www.kudbarban.hr\/stranica\/?page_id=16"},"modified":"2023-07-08T13:28:58","modified_gmt":"2023-07-08T11:28:58","slug":"buducnost-kud-a","status":"publish","type":"page","link":"https:\/\/www.kudbarban.hr\/stranica\/?page_id=16","title":{"rendered":"Budu\u0107nost KUD-a"},"content":{"rendered":"\n<p>Cilj \u010dlanova KUD-a \u201cBarban\u201d je nastaviti kontinuirano raditi na o\u010duvanju izvornih pjesama, svirki, plesova, govora i obi\u010daja Barban\u0161tine, \u0161to ujedno predstavlja o\u010duvanje kulturnih i tradicijskih vrednota. U vremenu informatizacije, kada su djeci dostupne razne informacije i kada mogu slu\u0161ati glazbu razli\u010ditih glazbenih stilova, posebno je va\u017eno stvarati svijest o kulturnom naslje\u0111u kako bi mladi postali svjesni vlastite ba\u0161tine te ponosno nastavili promicati usvojene vrednote.<\/p>\n\n\n\n<p>Slijedom toga, na inicijativu Upravnog odbora Dru\u0161tva, a u suradnji s Osnovnom \u0161kolom \u201cJure Filipovi\u0107\u201d u Barbanu, osnovan je pomladak KUD-a \u201cBarban\u201d i ponovno aktivirana Literarno-recitatorska sekcija. Danas nije sramota govoriti dijalektom i pjevati stare napjeve iz svog kraja, za vjerovati je da \u0107e se trend nastaviti. Sva tehni\u010dka dostignu\u0107a valja iskoristiti kao pomagala u preno\u0161enju tradicijskih vrijednosti i kulture na\u0161eg kraja na mla\u0111e generacije.<\/p>\n\n\n\n<p>KUD \u201cBarban\u201d se u svom radu, kao i ve\u0107ina amaterskih udruga, susre\u0107e s problemom nedostatka financijskih sredstava. U takvim je okolnostima te\u0161ko odr\u017eavati teku\u0107e aktivnosti, a gotovo nemogu\u0107e pro\u0161irivati ih (npr. postaviti nove koreografije plesova, osnovati nove sekcije ili kupiti originalnu tradicijsku odje\u0107u). Unato\u010d tome, me\u0111u \u010dlanovima KUD-a postoji dovoljno entuzijazma i ljubavi prema doma\u0107oj&nbsp;<em>besidi<\/em>,&nbsp;<em>kanti<\/em>, plesu, govoru i obi\u010dajima da oskudna financijska sredstva nemaju presudnu ulogu u odr\u017eavanju njegova djelovanja.<\/p>\n\n\n\n<p>Projekt KUD-a \u201cBarban\u201d nazvan \u201cO\u010duvanje kulturne ba\u0161tine Barban\u0161tine i Istre\u201d prepoznat je i u \u0161iroj zajednici. Nekoliko godina projekt je dobivao potporu Ministarstva kulture Republike Hrvatske i Istarske \u017dupanije. Ipak, najzna\u010dajniji dio sredstava ostvaruje se iz prora\u010duna Op\u0107ine Barban. \u010clanovi Dru\u0161tva odlu\u010dni su da svojim radom i zalaganjem o\u010duvaju vlastite korijene, kulturno i tradicijsko naslje\u0111e, odnosno svoj identitet.<\/p>\n\n\n\n<p>Stoga, ako \u017eelite biti dio na\u0161e zajednice, pozvani ste i dobrodo\u0161li da svojim prisustvom doprinesete na\u0161em radu, a samim time i o\u010duvanju na\u0161e kulturne i tradicijske ba\u0161tine.<\/p>\n\n\n\n<figure class=\"wp-block-gallery has-nested-images columns-default is-cropped wp-block-gallery-1 is-layout-flex wp-block-gallery-is-layout-flex\">\n<figure class=\"wp-block-image size-full\"><a href=\"https:\/\/www.kudbarban.hr\/stranica\/wp-content\/uploads\/2021\/02\/MGR_5450-copy.jpg\"><img fetchpriority=\"high\" decoding=\"async\" width=\"737\" height=\"496\" data-id=\"1028\" src=\"https:\/\/www.kudbarban.hr\/stranica\/wp-content\/uploads\/2021\/02\/MGR_5450-copy.jpg\" alt=\"\" class=\"wp-image-1028\" srcset=\"https:\/\/www.kudbarban.hr\/stranica\/wp-content\/uploads\/2021\/02\/MGR_5450-copy.jpg 737w, https:\/\/www.kudbarban.hr\/stranica\/wp-content\/uploads\/2021\/02\/MGR_5450-copy-180x121.jpg 180w, https:\/\/www.kudbarban.hr\/stranica\/wp-content\/uploads\/2021\/02\/MGR_5450-copy-422x284.jpg 422w, https:\/\/www.kudbarban.hr\/stranica\/wp-content\/uploads\/2021\/02\/MGR_5450-copy-177x119.jpg 177w\" sizes=\"(max-width: 737px) 100vw, 737px\" \/><\/a><\/figure>\n\n\n\n<figure class=\"wp-block-image size-full\"><a href=\"https:\/\/www.kudbarban.hr\/stranica\/wp-content\/uploads\/2017\/08\/20170910_094534.jpg\"><img decoding=\"async\" width=\"976\" height=\"549\" data-id=\"918\" src=\"https:\/\/www.kudbarban.hr\/stranica\/wp-content\/uploads\/2017\/08\/20170910_094534.jpg\" alt=\"\" class=\"wp-image-918\" srcset=\"https:\/\/www.kudbarban.hr\/stranica\/wp-content\/uploads\/2017\/08\/20170910_094534.jpg 976w, https:\/\/www.kudbarban.hr\/stranica\/wp-content\/uploads\/2017\/08\/20170910_094534-180x101.jpg 180w, https:\/\/www.kudbarban.hr\/stranica\/wp-content\/uploads\/2017\/08\/20170910_094534-422x237.jpg 422w, https:\/\/www.kudbarban.hr\/stranica\/wp-content\/uploads\/2017\/08\/20170910_094534-768x432.jpg 768w\" sizes=\"(max-width: 976px) 100vw, 976px\" \/><\/a><\/figure>\n\n\n\n<figure class=\"wp-block-image size-full\"><a href=\"https:\/\/www.kudbarban.hr\/stranica\/wp-content\/uploads\/2013\/07\/MSF_Zagreb_131-1.jpg\"><img decoding=\"async\" width=\"900\" height=\"478\" data-id=\"845\" src=\"https:\/\/www.kudbarban.hr\/stranica\/wp-content\/uploads\/2013\/07\/MSF_Zagreb_131-1.jpg\" alt=\"\" class=\"wp-image-845\" srcset=\"https:\/\/www.kudbarban.hr\/stranica\/wp-content\/uploads\/2013\/07\/MSF_Zagreb_131-1.jpg 900w, https:\/\/www.kudbarban.hr\/stranica\/wp-content\/uploads\/2013\/07\/MSF_Zagreb_131-1-180x96.jpg 180w, https:\/\/www.kudbarban.hr\/stranica\/wp-content\/uploads\/2013\/07\/MSF_Zagreb_131-1-422x224.jpg 422w, https:\/\/www.kudbarban.hr\/stranica\/wp-content\/uploads\/2013\/07\/MSF_Zagreb_131-1-768x408.jpg 768w\" sizes=\"(max-width: 900px) 100vw, 900px\" \/><\/a><\/figure>\n\n\n\n<figure class=\"wp-block-image size-full\"><a href=\"https:\/\/www.kudbarban.hr\/stranica\/wp-content\/uploads\/2023\/07\/IMG-f647da1c59e893d37b7a224d149b4c51-V.jpg\"><img loading=\"lazy\" decoding=\"async\" width=\"976\" height=\"732\" data-id=\"1717\" src=\"https:\/\/www.kudbarban.hr\/stranica\/wp-content\/uploads\/2023\/07\/IMG-f647da1c59e893d37b7a224d149b4c51-V.jpg\" alt=\"\" class=\"wp-image-1717\" srcset=\"https:\/\/www.kudbarban.hr\/stranica\/wp-content\/uploads\/2023\/07\/IMG-f647da1c59e893d37b7a224d149b4c51-V.jpg 976w, https:\/\/www.kudbarban.hr\/stranica\/wp-content\/uploads\/2023\/07\/IMG-f647da1c59e893d37b7a224d149b4c51-V-180x135.jpg 180w, https:\/\/www.kudbarban.hr\/stranica\/wp-content\/uploads\/2023\/07\/IMG-f647da1c59e893d37b7a224d149b4c51-V-422x317.jpg 422w, https:\/\/www.kudbarban.hr\/stranica\/wp-content\/uploads\/2023\/07\/IMG-f647da1c59e893d37b7a224d149b4c51-V-159x119.jpg 159w, https:\/\/www.kudbarban.hr\/stranica\/wp-content\/uploads\/2023\/07\/IMG-f647da1c59e893d37b7a224d149b4c51-V-768x576.jpg 768w\" sizes=\"(max-width: 976px) 100vw, 976px\" \/><\/a><\/figure>\n<\/figure>\n","protected":false},"excerpt":{"rendered":"<p>Cilj \u010dlanova KUD-a \u201cBarban\u201d je nastaviti kontinuirano raditi na o\u010duvanju izvornih pjesama, svirki, plesova, govora i obi\u010daja Barban\u0161tine, \u0161to ujedno predstavlja o\u010duvanje kulturnih i tradicijskih vrednota. U vremenu informatizacije, kada su djeci dostupne razne informacije i kada mogu slu\u0161ati glazbu razli\u010ditih glazbenih stilova, posebno je va\u017eno stvarati svijest o kulturnom naslje\u0111u kako bi mladi postali [&hellip;]<\/p>\n","protected":false},"author":1,"featured_media":0,"parent":0,"menu_order":0,"comment_status":"open","ping_status":"open","template":"","meta":{"footnotes":""},"_links":{"self":[{"href":"https:\/\/www.kudbarban.hr\/stranica\/index.php?rest_route=\/wp\/v2\/pages\/16"}],"collection":[{"href":"https:\/\/www.kudbarban.hr\/stranica\/index.php?rest_route=\/wp\/v2\/pages"}],"about":[{"href":"https:\/\/www.kudbarban.hr\/stranica\/index.php?rest_route=\/wp\/v2\/types\/page"}],"author":[{"embeddable":true,"href":"https:\/\/www.kudbarban.hr\/stranica\/index.php?rest_route=\/wp\/v2\/users\/1"}],"replies":[{"embeddable":true,"href":"https:\/\/www.kudbarban.hr\/stranica\/index.php?rest_route=%2Fwp%2Fv2%2Fcomments&post=16"}],"version-history":[{"count":34,"href":"https:\/\/www.kudbarban.hr\/stranica\/index.php?rest_route=\/wp\/v2\/pages\/16\/revisions"}],"predecessor-version":[{"id":1856,"href":"https:\/\/www.kudbarban.hr\/stranica\/index.php?rest_route=\/wp\/v2\/pages\/16\/revisions\/1856"}],"wp:attachment":[{"href":"https:\/\/www.kudbarban.hr\/stranica\/index.php?rest_route=%2Fwp%2Fv2%2Fmedia&parent=16"}],"curies":[{"name":"wp","href":"https:\/\/api.w.org\/{rel}","templated":true}]}}