{"id":1443,"date":"2023-05-04T09:12:26","date_gmt":"2023-05-04T07:12:26","guid":{"rendered":"https:\/\/www.kudbarban.hr\/stranica\/1680429714804\/?page_id=1443"},"modified":"2026-04-30T08:43:07","modified_gmt":"2026-04-30T06:43:07","slug":"oglasna-ploca","status":"publish","type":"page","link":"https:\/\/www.kudbarban.hr\/stranica\/?page_id=1443","title":{"rendered":"Oglasna plo\u010da"},"content":{"rendered":"\n<h2 class=\"wp-block-heading\"><strong>ODR\u017dAVANJE REDOVNIH PROBA<\/strong><\/h2>\n\n\n\n<p>Probe se odr\u017eavaju svaki petak i to redom:<\/p>\n\n\n\n<ul>\n<li>18:30 \u2013 19:30 proba za pjeva\u010de i svira\u010de<\/li>\n\n\n\n<li>19:30 \u2013 20:30 proba za osnovno\u0161kolce (plesa\u010di)<\/li>\n\n\n\n<li>20:30 \u2013 21:30 proba&nbsp;za stariju grupu plesa\u010da<\/li>\n\n\n\n<li>Probe literarno-recitatorske grupe odr\u017eavaju se u dogovoru sa voditeljicom (naj\u010de\u0161\u0107e petkom od 17:30 \u2013 18:30 ili od 19:30 &#8211; 20:30)<\/li>\n<\/ul>\n\n\n\n<h2 class=\"wp-block-heading\"><strong>UPISI NOVIH \u010cLANOVA<\/strong><\/h2>\n\n\n\n<p>Upis novih \u010dlanova vr\u0161e se po\u010detkom listopada teku\u0107e godine. To\u010dan datum biti \u0107e objavljen na web stranici Kud-a \u201cBarban\u201d (oglasna plo\u010da) i na oglasnoj plo\u010di O.\u0160. \u201cJure Filipovi\u0107\u201d u Barbanu.<\/p>\n\n\n\n<p>PLANOVI KUD-a:<\/p>\n\n\n\n<ul>\n<li>09.01. &#8211; Obilje\u017eavanje 81. godina \u0160ajinske tragedije, \u0160ajini<\/li>\n\n\n\n<li>17.04. &#8211; 50. godina rada i djelovanje KUD-a Barban &#8211; prigodni program<\/li>\n\n\n\n<li>24.04. &#8211; Dru\u017eenje pomlatka u DV Rap\u010di\u0107i \u017dminj<\/li>\n\n\n\n<li>10.05. &#8211; Obiteljski dan u Barbanu<\/li>\n\n\n\n<li>28.05. &#8211; Smotra vina, Barban<\/li>\n\n\n\n<li>06.06. &#8211; Gostovanje u Vele\u0161evcu &#8211; folklorni susret &#8220;Pjesmom i plesom kroz Vele\u0161evec&#8221;<\/li>\n\n\n\n<li>20.06. \u2013 10. Mala Smotra folklora I\u017d (Barban)<\/li>\n\n\n\n<li>27.06 \u2013 Proslava dana Svetog Pavla (\u017deliski)<\/li>\n\n\n\n<li>10.07. \u2013 16. Susret barbanskih pjesnika Beside u jatu (Barban)<\/li>\n\n\n\n<li>11.07. &#8211; 60. Smotra narodne glazbe i plesa Pulj\u0161tine, Rakalj<\/li>\n\n\n\n<li>21.-23.08. \u2013 Trka na prstenac Barban<\/li>\n\n\n\n<li>05.09. \u2013 60. Smotra narodne glazbe i plesa Istre (Pi\u0107an)<\/li>\n\n\n\n<li>12.09. \u2013 Fe\u0161ta smokve i smokvenjaka (Barban)<\/li>\n\n\n\n<li>rujan \u2013 Mantinjada pul Ronjgi<\/li>\n\n\n\n<li>rujan &#8211; 28. Susret zakantajmo istrijanske kante u Baratu<\/li>\n\n\n\n<li>12. mj \u2013 17. Susret \u201dKantajmo i svirimo po staroj u\u017eanci\u201d (Barban)<\/li>\n<\/ul>\n\n\n\n<p><\/p>\n\n\n\n<figure class=\"wp-block-gallery has-nested-images columns-default is-cropped wp-block-gallery-1 is-layout-flex wp-block-gallery-is-layout-flex\"><\/figure>\n\n\n\n<figure class=\"wp-block-gallery has-nested-images columns-default is-cropped wp-block-gallery-2 is-layout-flex wp-block-gallery-is-layout-flex\"><\/figure>\n\n\n","protected":false},"excerpt":{"rendered":"<p>ODR\u017dAVANJE REDOVNIH PROBA Probe se odr\u017eavaju svaki petak i to redom: UPISI NOVIH \u010cLANOVA Upis novih \u010dlanova vr\u0161e se po\u010detkom listopada teku\u0107e godine. To\u010dan datum biti \u0107e objavljen na web stranici Kud-a \u201cBarban\u201d (oglasna plo\u010da) i na oglasnoj plo\u010di O.\u0160. \u201cJure Filipovi\u0107\u201d u Barbanu. PLANOVI KUD-a:<\/p>\n","protected":false},"author":5,"featured_media":0,"parent":0,"menu_order":0,"comment_status":"closed","ping_status":"closed","template":"","meta":{"footnotes":""},"_links":{"self":[{"href":"https:\/\/www.kudbarban.hr\/stranica\/index.php?rest_route=\/wp\/v2\/pages\/1443"}],"collection":[{"href":"https:\/\/www.kudbarban.hr\/stranica\/index.php?rest_route=\/wp\/v2\/pages"}],"about":[{"href":"https:\/\/www.kudbarban.hr\/stranica\/index.php?rest_route=\/wp\/v2\/types\/page"}],"author":[{"embeddable":true,"href":"https:\/\/www.kudbarban.hr\/stranica\/index.php?rest_route=\/wp\/v2\/users\/5"}],"replies":[{"embeddable":true,"href":"https:\/\/www.kudbarban.hr\/stranica\/index.php?rest_route=%2Fwp%2Fv2%2Fcomments&post=1443"}],"version-history":[{"count":26,"href":"https:\/\/www.kudbarban.hr\/stranica\/index.php?rest_route=\/wp\/v2\/pages\/1443\/revisions"}],"predecessor-version":[{"id":2157,"href":"https:\/\/www.kudbarban.hr\/stranica\/index.php?rest_route=\/wp\/v2\/pages\/1443\/revisions\/2157"}],"wp:attachment":[{"href":"https:\/\/www.kudbarban.hr\/stranica\/index.php?rest_route=%2Fwp%2Fv2%2Fmedia&parent=1443"}],"curies":[{"name":"wp","href":"https:\/\/api.w.org\/{rel}","templated":true}]}}