{"id":14,"date":"2013-06-08T10:05:37","date_gmt":"2013-06-08T10:05:37","guid":{"rendered":"http:\/\/www.kudbarban.hr\/stranica\/?page_id=14"},"modified":"2026-02-18T15:07:26","modified_gmt":"2026-02-18T14:07:26","slug":"kontakt","status":"publish","type":"page","link":"https:\/\/www.kudbarban.hr\/stranica\/?page_id=14","title":{"rendered":"Kontakt"},"content":{"rendered":"\n<h2 class=\"wp-block-heading\"><strong>NAZIV I ADRESA:<\/strong><\/h2>\n\n\n\n<p>Kulturno-umjetni\u010dko dru\u0161tvo Barban<br>Barban 69<br>52 207 Barban<\/p>\n\n\n\n<p><strong>E-MAIL:<\/strong> kudbarban@gmail.com<br><strong>OIB:<\/strong> 25482170697<\/p>\n\n\n\n<p>PREDSJEDNIK: <strong>Marino Broskvar <\/strong> +385 (0)98 290 100<\/p>\n\n\n\n<p>DOPREDSJEDNIK: <strong>David Broskvar<\/strong> +385 (0)98 183 4705<\/p>\n\n\n\n<p>TAJNICA: <strong>Nives Tro\u0161t&nbsp;<\/strong> +385 (0)98 903 1699<\/p>\n\n\n\n<h2 class=\"wp-block-heading\"><strong>VODITELJI:<\/strong><\/h2>\n\n\n\n<ul>\n<li>plesa\u010da:\u00a0 <strong>Dheeba Ko\u017eljan \u0160kabi\u0107<\/strong> +385 (0)99 281 2133<\/li>\n<\/ul>\n\n\n\n<ul>\n<li>svira\u010da:   <strong>Mihael Glava\u0161 <\/strong>+385 (0)98 945 7930 <\/li>\n<\/ul>\n\n\n\n<ul>\n<li>pjeva\u010da: &nbsp;<strong>Nevia Ko\u017eljan<\/strong> +385 (0)98 441 644<\/li>\n<\/ul>\n\n\n\n<ul>\n<li>literarno-recitacijske sekcije:&nbsp;<strong>Nives Tro\u0161t<\/strong> +385 (0)98 903 1699<\/li>\n<\/ul>\n\n\n\n<p><a href=\"mailto:kudbarban@gmail.com\">ANGA\u017dIRAJTE NAS<\/a><\/p>\n\n\n\n<p><\/p>\n","protected":false},"excerpt":{"rendered":"<p>NAZIV I ADRESA: Kulturno-umjetni\u010dko dru\u0161tvo BarbanBarban 6952 207 Barban E-MAIL: kudbarban@gmail.comOIB: 25482170697 PREDSJEDNIK: Marino Broskvar +385 (0)98 290 100 DOPREDSJEDNIK: David Broskvar +385 (0)98 183 4705 TAJNICA: Nives Tro\u0161t&nbsp; +385 (0)98 903 1699 VODITELJI: ANGA\u017dIRAJTE NAS<\/p>\n","protected":false},"author":1,"featured_media":1023,"parent":0,"menu_order":0,"comment_status":"open","ping_status":"open","template":"","meta":{"footnotes":""},"_links":{"self":[{"href":"https:\/\/www.kudbarban.hr\/stranica\/index.php?rest_route=\/wp\/v2\/pages\/14"}],"collection":[{"href":"https:\/\/www.kudbarban.hr\/stranica\/index.php?rest_route=\/wp\/v2\/pages"}],"about":[{"href":"https:\/\/www.kudbarban.hr\/stranica\/index.php?rest_route=\/wp\/v2\/types\/page"}],"author":[{"embeddable":true,"href":"https:\/\/www.kudbarban.hr\/stranica\/index.php?rest_route=\/wp\/v2\/users\/1"}],"replies":[{"embeddable":true,"href":"https:\/\/www.kudbarban.hr\/stranica\/index.php?rest_route=%2Fwp%2Fv2%2Fcomments&post=14"}],"version-history":[{"count":34,"href":"https:\/\/www.kudbarban.hr\/stranica\/index.php?rest_route=\/wp\/v2\/pages\/14\/revisions"}],"predecessor-version":[{"id":2063,"href":"https:\/\/www.kudbarban.hr\/stranica\/index.php?rest_route=\/wp\/v2\/pages\/14\/revisions\/2063"}],"wp:featuredmedia":[{"embeddable":true,"href":"https:\/\/www.kudbarban.hr\/stranica\/index.php?rest_route=\/wp\/v2\/media\/1023"}],"wp:attachment":[{"href":"https:\/\/www.kudbarban.hr\/stranica\/index.php?rest_route=%2Fwp%2Fv2%2Fmedia&parent=14"}],"curies":[{"name":"wp","href":"https:\/\/api.w.org\/{rel}","templated":true}]}}