{"id":11,"date":"2013-06-08T10:04:05","date_gmt":"2013-06-08T10:04:05","guid":{"rendered":"http:\/\/www.kudbarban.hr\/stranica\/?page_id=11"},"modified":"2023-07-08T13:26:49","modified_gmt":"2023-07-08T11:26:49","slug":"tradicijska-odjeca","status":"publish","type":"page","link":"https:\/\/www.kudbarban.hr\/stranica\/?page_id=11","title":{"rendered":"Tradicijska odje\u0107a"},"content":{"rendered":"\n<p>Uz kontinuitet njegovanja i \u010duvanja izvornih narodnih pjesama, svirke, plesova, govora i obi\u010daja Barban\u0161tine, osniva\u010di KUD-a \u201cBarban\u201d su kao jedan od va\u017enijih ciljeva postavili rad na prikupljanju i o\u010duvanju originalnih narodnih no\u0161nji Barban\u0161tine. Dru\u0161tvo danas posjeduje ukupno 30-ak \u017eenskih i mu\u0161kih originalnih narodnih no\u0161nji, \u0161to predstavlja pravo bogatstvo.<\/p>\n\n\n\n<p>Tradicijska odje\u0107a Barban\u0161tine sli\u010dna je, oblikom i materijalom, odje\u0107i kakva se nosila u zapadnoj i ju\u017enoj Istri (klinasti i krojevi&nbsp;<em>na skas<\/em>&nbsp;za<em>modrne<\/em>, ukrasi na suknenim dijelovima no\u0161nji, kroj i ukrasi ko\u0161ulja).<\/p>\n\n\n\n<h2 class=\"wp-block-heading\"><strong>\u017denska tradicijska odje\u0107a<\/strong><\/h2>\n\n\n\n<p>\u017denska tradicijska odje\u0107a sastoji se od sljede\u0107ih dijelova:\u00a0<em>faco<\/em>\u00a0(bijela vezena marama),\u00a0<em>ko\u0161ulja<\/em>\u00a0(od bijelog platna),\u00a0<em>modrna<\/em>\u00a0(haljina od sme\u0111eg sukna),\u00a0<em>kanica<\/em>\u00a0(raznobojni vuneni pojas),\u00a0<em>bi\u010dve<\/em>\u00a0(bijele \u010darape),\u00a0<em>postoli<\/em>\u00a0(crne cipele),\u00a0<em>\u010derma<\/em>\u00a0(kaput bez rukava od stupanog sukna) i\u00a0<em>krpet<\/em>\u00a0(vrsta tkanog \u0161ala od vune). Mladenke nose posebno lijepo i bogato vezom ukra\u0161ene\u00a0<em>modrne<\/em>, s crvenim panom, a na glavi<em>krunu<\/em>\u00a0(vijenac) od cvije\u0107a i raznobojnih traka.<\/p>\n\n\n\n<figure class=\"wp-block-gallery has-nested-images columns-default is-cropped wp-block-gallery-1 is-layout-flex wp-block-gallery-is-layout-flex\">\n<figure class=\"wp-block-image size-full\"><a href=\"https:\/\/www.kudbarban.hr\/stranica\/wp-content\/uploads\/2023\/07\/20230617_191310-1.jpg\"><img fetchpriority=\"high\" decoding=\"async\" width=\"976\" height=\"971\" data-id=\"1761\" src=\"https:\/\/www.kudbarban.hr\/stranica\/wp-content\/uploads\/2023\/07\/20230617_191310-1.jpg\" alt=\"\" class=\"wp-image-1761\" srcset=\"https:\/\/www.kudbarban.hr\/stranica\/wp-content\/uploads\/2023\/07\/20230617_191310-1.jpg 976w, https:\/\/www.kudbarban.hr\/stranica\/wp-content\/uploads\/2023\/07\/20230617_191310-1-180x180.jpg 180w, https:\/\/www.kudbarban.hr\/stranica\/wp-content\/uploads\/2023\/07\/20230617_191310-1-422x420.jpg 422w, https:\/\/www.kudbarban.hr\/stranica\/wp-content\/uploads\/2023\/07\/20230617_191310-1-120x119.jpg 120w, https:\/\/www.kudbarban.hr\/stranica\/wp-content\/uploads\/2023\/07\/20230617_191310-1-768x764.jpg 768w\" sizes=\"(max-width: 976px) 100vw, 976px\" \/><\/a><\/figure>\n\n\n\n<figure class=\"wp-block-image size-full\"><a href=\"https:\/\/www.kudbarban.hr\/stranica\/wp-content\/uploads\/2015\/03\/P6280029.jpg\"><img decoding=\"async\" width=\"506\" height=\"675\" data-id=\"506\" src=\"https:\/\/www.kudbarban.hr\/stranica\/wp-content\/uploads\/2015\/03\/P6280029.jpg\" alt=\"\" class=\"wp-image-506\" srcset=\"https:\/\/www.kudbarban.hr\/stranica\/wp-content\/uploads\/2015\/03\/P6280029.jpg 506w, https:\/\/www.kudbarban.hr\/stranica\/wp-content\/uploads\/2015\/03\/P6280029-135x180.jpg 135w, https:\/\/www.kudbarban.hr\/stranica\/wp-content\/uploads\/2015\/03\/P6280029-316x422.jpg 316w, https:\/\/www.kudbarban.hr\/stranica\/wp-content\/uploads\/2015\/03\/P6280029-89x119.jpg 89w\" sizes=\"(max-width: 506px) 100vw, 506px\" \/><\/a><\/figure>\n\n\n\n<figure class=\"wp-block-image size-full\"><a href=\"https:\/\/www.kudbarban.hr\/stranica\/wp-content\/uploads\/2021\/02\/BARBAN_NOSNJA2603-copy.jpg\"><img decoding=\"async\" width=\"717\" height=\"478\" data-id=\"1024\" src=\"https:\/\/www.kudbarban.hr\/stranica\/wp-content\/uploads\/2021\/02\/BARBAN_NOSNJA2603-copy.jpg\" alt=\"\" class=\"wp-image-1024\" srcset=\"https:\/\/www.kudbarban.hr\/stranica\/wp-content\/uploads\/2021\/02\/BARBAN_NOSNJA2603-copy.jpg 717w, https:\/\/www.kudbarban.hr\/stranica\/wp-content\/uploads\/2021\/02\/BARBAN_NOSNJA2603-copy-180x119.jpg 180w, https:\/\/www.kudbarban.hr\/stranica\/wp-content\/uploads\/2021\/02\/BARBAN_NOSNJA2603-copy-422x281.jpg 422w\" sizes=\"(max-width: 717px) 100vw, 717px\" \/><\/a><figcaption class=\"wp-element-caption\">Barban 30.11.2019. \nKud Barban no\u009anja \u009eene\nFoto Marko Gracin<\/figcaption><\/figure>\n<\/figure>\n\n\n\n<p>Na \u017eenskoj narodnoj no\u0161nji posebno je zanimljiva razli\u010dita boja&nbsp;<em>pana<\/em>(\u010doja u boji sa\u0161ivena na donjem rubu modrne) \u010dime se ozna\u010davao dru\u0161tveni status \u017eene. Djevojke nose samo crvenu boju pana, zatim kombinacije crveno-plavo i crveno-zeleno-plavo. Mlade udate \u017eene nosile su kombinacije pana: plavo-zeleno, samo zeleno i samo plavo. Starije \u017eene i one u koroti nose tamno plavo ili crno pano.<\/p>\n\n\n\n<h2 class=\"wp-block-heading\"><strong>Mu\u0161ka tradicijska odje\u0107a<\/strong><\/h2>\n\n\n\n<p>Mu\u0161ka tradicijska odje\u0107a Barban\u0161tine sastoji se od sljede\u0107ih dijelova:<em>klobuk<\/em>\u00a0(niska sme\u0111a kapa bez oboda),\u00a0<em>ko\u0161ulja<\/em>\u00a0(od bijelog platna),<em>kru\u017eat<\/em>\u00a0(sme\u0111i prsluk od sukna),\u00a0<em>brage\u0161e brnaveke<\/em>\u00a0(bijele hla\u010de od sukna),\u00a0<em>bi\u010dve<\/em>\u00a0(bijele \u010darape),\u00a0<em>postoli<\/em>\u00a0(crne cipele),\u00a0<em>jaketa<\/em>\u00a0(jakna),<em>kami\u017eola<\/em>\u00a0(duga\u010dki sme\u0111i prsluk) i\u00a0<em>kapot<\/em>\u00a0s kapu\u010don (kaput od sme\u0111eg sukna s kapulja\u010dom).<\/p>\n\n\n\n<figure class=\"wp-block-gallery has-nested-images columns-default is-cropped wp-block-gallery-2 is-layout-flex wp-block-gallery-is-layout-flex\">\n<figure class=\"wp-block-image size-full\"><a href=\"https:\/\/www.kudbarban.hr\/stranica\/wp-content\/uploads\/2020\/02\/MSFZG219-KANTADURI-I-SVIRA\u010cI.jpg\"><img loading=\"lazy\" decoding=\"async\" width=\"976\" height=\"651\" data-id=\"996\" src=\"https:\/\/www.kudbarban.hr\/stranica\/wp-content\/uploads\/2020\/02\/MSFZG219-KANTADURI-I-SVIRA\u010cI.jpg\" alt=\"\" class=\"wp-image-996\" srcset=\"https:\/\/www.kudbarban.hr\/stranica\/wp-content\/uploads\/2020\/02\/MSFZG219-KANTADURI-I-SVIRA\u010cI.jpg 976w, https:\/\/www.kudbarban.hr\/stranica\/wp-content\/uploads\/2020\/02\/MSFZG219-KANTADURI-I-SVIRA\u010cI-180x120.jpg 180w, https:\/\/www.kudbarban.hr\/stranica\/wp-content\/uploads\/2020\/02\/MSFZG219-KANTADURI-I-SVIRA\u010cI-422x281.jpg 422w, https:\/\/www.kudbarban.hr\/stranica\/wp-content\/uploads\/2020\/02\/MSFZG219-KANTADURI-I-SVIRA\u010cI-178x119.jpg 178w, https:\/\/www.kudbarban.hr\/stranica\/wp-content\/uploads\/2020\/02\/MSFZG219-KANTADURI-I-SVIRA\u010cI-768x512.jpg 768w\" sizes=\"(max-width: 976px) 100vw, 976px\" \/><\/a><\/figure>\n\n\n\n<figure class=\"wp-block-image size-full\"><a href=\"https:\/\/www.kudbarban.hr\/stranica\/wp-content\/uploads\/2013\/07\/MSF_Zagreb_031.jpg\"><img loading=\"lazy\" decoding=\"async\" width=\"900\" height=\"675\" data-id=\"222\" src=\"https:\/\/www.kudbarban.hr\/stranica\/wp-content\/uploads\/2013\/07\/MSF_Zagreb_031.jpg\" alt=\"\" class=\"wp-image-222\" srcset=\"https:\/\/www.kudbarban.hr\/stranica\/wp-content\/uploads\/2013\/07\/MSF_Zagreb_031.jpg 900w, https:\/\/www.kudbarban.hr\/stranica\/wp-content\/uploads\/2013\/07\/MSF_Zagreb_031-180x135.jpg 180w, https:\/\/www.kudbarban.hr\/stranica\/wp-content\/uploads\/2013\/07\/MSF_Zagreb_031-422x317.jpg 422w, https:\/\/www.kudbarban.hr\/stranica\/wp-content\/uploads\/2013\/07\/MSF_Zagreb_031-159x119.jpg 159w, https:\/\/www.kudbarban.hr\/stranica\/wp-content\/uploads\/2013\/07\/MSF_Zagreb_031-768x576.jpg 768w\" sizes=\"(max-width: 900px) 100vw, 900px\" \/><\/a><\/figure>\n\n\n\n<figure class=\"wp-block-image size-full\"><a href=\"https:\/\/www.kudbarban.hr\/stranica\/wp-content\/uploads\/2013\/07\/MSF_Zagreb_061.jpg\"><img loading=\"lazy\" decoding=\"async\" width=\"900\" height=\"675\" data-id=\"225\" src=\"https:\/\/www.kudbarban.hr\/stranica\/wp-content\/uploads\/2013\/07\/MSF_Zagreb_061.jpg\" alt=\"\" class=\"wp-image-225\" srcset=\"https:\/\/www.kudbarban.hr\/stranica\/wp-content\/uploads\/2013\/07\/MSF_Zagreb_061.jpg 900w, https:\/\/www.kudbarban.hr\/stranica\/wp-content\/uploads\/2013\/07\/MSF_Zagreb_061-180x135.jpg 180w, https:\/\/www.kudbarban.hr\/stranica\/wp-content\/uploads\/2013\/07\/MSF_Zagreb_061-422x317.jpg 422w, https:\/\/www.kudbarban.hr\/stranica\/wp-content\/uploads\/2013\/07\/MSF_Zagreb_061-159x119.jpg 159w, https:\/\/www.kudbarban.hr\/stranica\/wp-content\/uploads\/2013\/07\/MSF_Zagreb_061-768x576.jpg 768w\" sizes=\"(max-width: 900px) 100vw, 900px\" \/><\/a><\/figure>\n<\/figure>\n\n\n\n<p>\u010clanovi KUD-a \u201cBarban\u201d posebnu pa\u017enju posve\u0107uju \u010duvanju i brizi za 30-ak originalnih \u017eenskih i mu\u0161kih narodnih no\u0161nji koje posjeduju. Navedene narodne no\u0161nje stare su od 100 do 150 godina \u0161to pove\u0107ava njihovu vrijednost. Ta \u010dinjenica ne prolazi nezapa\u017eeno niti na brojnim nastupima, Smotrama i festivalima folklora, bilo da \u010dlanovi Dru\u0161tva nastupaju u na\u0161oj zemlji ili u inozemstvu, gdje uvijek dobivaju pohvale i priznanja.<\/p>\n\n\n\n<p>Na Internacionalnom festivalu folklora \u201cLeron\u201d odr\u017eanom 2002. godine u Vodnjanu, \u010dlanovi KUD-a \u201cBarban\u201d su primili priznanje i nagradu za najizvorniju i najbolje o\u010duvanu narodnu no\u0161nju.<\/p>\n\n\n\n<figure class=\"wp-block-gallery has-nested-images columns-default is-cropped wp-block-gallery-3 is-layout-flex wp-block-gallery-is-layout-flex\">\n<figure class=\"wp-block-image size-full\"><a href=\"https:\/\/www.kudbarban.hr\/stranica\/wp-content\/uploads\/2023\/07\/IMG-b82e73174844b5bcefcf0eed771bae5d-V.jpg\"><img loading=\"lazy\" decoding=\"async\" width=\"976\" height=\"453\" data-id=\"1711\" src=\"https:\/\/www.kudbarban.hr\/stranica\/wp-content\/uploads\/2023\/07\/IMG-b82e73174844b5bcefcf0eed771bae5d-V.jpg\" alt=\"\" class=\"wp-image-1711\" srcset=\"https:\/\/www.kudbarban.hr\/stranica\/wp-content\/uploads\/2023\/07\/IMG-b82e73174844b5bcefcf0eed771bae5d-V.jpg 976w, https:\/\/www.kudbarban.hr\/stranica\/wp-content\/uploads\/2023\/07\/IMG-b82e73174844b5bcefcf0eed771bae5d-V-180x84.jpg 180w, https:\/\/www.kudbarban.hr\/stranica\/wp-content\/uploads\/2023\/07\/IMG-b82e73174844b5bcefcf0eed771bae5d-V-422x196.jpg 422w, https:\/\/www.kudbarban.hr\/stranica\/wp-content\/uploads\/2023\/07\/IMG-b82e73174844b5bcefcf0eed771bae5d-V-768x356.jpg 768w\" sizes=\"(max-width: 976px) 100vw, 976px\" \/><\/a><\/figure>\n\n\n\n<figure class=\"wp-block-image size-full\"><a href=\"https:\/\/www.kudbarban.hr\/stranica\/wp-content\/uploads\/2023\/06\/FB_IMG_1685645388249.jpg\"><img loading=\"lazy\" decoding=\"async\" width=\"1080\" height=\"1620\" data-id=\"1604\" src=\"https:\/\/www.kudbarban.hr\/stranica\/wp-content\/uploads\/2023\/06\/FB_IMG_1685645388249.jpg\" alt=\"\" class=\"wp-image-1604\" srcset=\"https:\/\/www.kudbarban.hr\/stranica\/wp-content\/uploads\/2023\/06\/FB_IMG_1685645388249.jpg 1080w, https:\/\/www.kudbarban.hr\/stranica\/wp-content\/uploads\/2023\/06\/FB_IMG_1685645388249-120x180.jpg 120w, https:\/\/www.kudbarban.hr\/stranica\/wp-content\/uploads\/2023\/06\/FB_IMG_1685645388249-281x422.jpg 281w, https:\/\/www.kudbarban.hr\/stranica\/wp-content\/uploads\/2023\/06\/FB_IMG_1685645388249-79x119.jpg 79w, https:\/\/www.kudbarban.hr\/stranica\/wp-content\/uploads\/2023\/06\/FB_IMG_1685645388249-768x1152.jpg 768w, https:\/\/www.kudbarban.hr\/stranica\/wp-content\/uploads\/2023\/06\/FB_IMG_1685645388249-1024x1536.jpg 1024w\" sizes=\"(max-width: 1080px) 100vw, 1080px\" \/><\/a><\/figure>\n\n\n\n<figure class=\"wp-block-image size-full\"><a href=\"https:\/\/www.kudbarban.hr\/stranica\/wp-content\/uploads\/2022\/09\/kud-barban.jpg\"><img loading=\"lazy\" decoding=\"async\" width=\"422\" height=\"422\" data-id=\"1124\" src=\"https:\/\/www.kudbarban.hr\/stranica\/wp-content\/uploads\/2022\/09\/kud-barban.jpg\" alt=\"\" class=\"wp-image-1124\" srcset=\"https:\/\/www.kudbarban.hr\/stranica\/wp-content\/uploads\/2022\/09\/kud-barban.jpg 422w, https:\/\/www.kudbarban.hr\/stranica\/wp-content\/uploads\/2022\/09\/kud-barban-180x180.jpg 180w, https:\/\/www.kudbarban.hr\/stranica\/wp-content\/uploads\/2022\/09\/kud-barban-119x119.jpg 119w\" sizes=\"(max-width: 422px) 100vw, 422px\" \/><\/a><\/figure>\n<\/figure>\n","protected":false},"excerpt":{"rendered":"<p>Uz kontinuitet njegovanja i \u010duvanja izvornih narodnih pjesama, svirke, plesova, govora i obi\u010daja Barban\u0161tine, osniva\u010di KUD-a \u201cBarban\u201d su kao jedan od va\u017enijih ciljeva postavili rad na prikupljanju i o\u010duvanju originalnih narodnih no\u0161nji Barban\u0161tine. Dru\u0161tvo danas posjeduje ukupno 30-ak \u017eenskih i mu\u0161kih originalnih narodnih no\u0161nji, \u0161to predstavlja pravo bogatstvo. Tradicijska odje\u0107a Barban\u0161tine sli\u010dna je, oblikom i [&hellip;]<\/p>\n","protected":false},"author":1,"featured_media":0,"parent":0,"menu_order":0,"comment_status":"open","ping_status":"open","template":"","meta":{"footnotes":""},"_links":{"self":[{"href":"https:\/\/www.kudbarban.hr\/stranica\/index.php?rest_route=\/wp\/v2\/pages\/11"}],"collection":[{"href":"https:\/\/www.kudbarban.hr\/stranica\/index.php?rest_route=\/wp\/v2\/pages"}],"about":[{"href":"https:\/\/www.kudbarban.hr\/stranica\/index.php?rest_route=\/wp\/v2\/types\/page"}],"author":[{"embeddable":true,"href":"https:\/\/www.kudbarban.hr\/stranica\/index.php?rest_route=\/wp\/v2\/users\/1"}],"replies":[{"embeddable":true,"href":"https:\/\/www.kudbarban.hr\/stranica\/index.php?rest_route=%2Fwp%2Fv2%2Fcomments&post=11"}],"version-history":[{"count":14,"href":"https:\/\/www.kudbarban.hr\/stranica\/index.php?rest_route=\/wp\/v2\/pages\/11\/revisions"}],"predecessor-version":[{"id":1854,"href":"https:\/\/www.kudbarban.hr\/stranica\/index.php?rest_route=\/wp\/v2\/pages\/11\/revisions\/1854"}],"wp:attachment":[{"href":"https:\/\/www.kudbarban.hr\/stranica\/index.php?rest_route=%2Fwp%2Fv2%2Fmedia&parent=11"}],"curies":[{"name":"wp","href":"https:\/\/api.w.org\/{rel}","templated":true}]}}